{"id":19486,"date":"2014-12-29T09:14:27","date_gmt":"2014-12-29T09:14:27","guid":{"rendered":"http:\/\/www.ruumala.com\/?page_id=14"},"modified":"2025-02-11T13:26:29","modified_gmt":"2025-02-11T13:26:29","slug":"homepage","status":"publish","type":"page","link":"https:\/\/ruumala.com\/en\/","title":{"rendered":"Home"},"content":{"rendered":"\t\t<div data-elementor-type=\"wp-page\" data-elementor-id=\"19486\" class=\"elementor elementor-19486 elementor-14060\" data-elementor-post-type=\"page\">\n\t\t\t\t<div class=\"elementor-element elementor-element-17c30f44 e-flex e-con-boxed e-con e-parent\" data-id=\"17c30f44\" data-element_type=\"container\" data-e-type=\"container\">\n\t\t\t\t\t<div class=\"e-con-inner\">\n\t\t\t\t<div class=\"elementor-element elementor-element-4ca6641c elementor-widget elementor-widget-text-editor\" data-id=\"4ca6641c\" data-element_type=\"widget\" data-e-type=\"widget\" data-widget_type=\"text-editor.default\">\n\t\t\t\t<div class=\"elementor-widget-container\">\n\t\t\t\t\t\t\t\t\t<p style=\"text-align: justify;\"><span style=\"font-size: 12pt;\">Ruumala O\u00dc primarily operates in the construction sector. We supply modern products used for the manufacturing and installation of windows, doors, and facades. Additionally, we provide products made from Resysta material. Some of our products are also utilized outside the construction industry. We supply materials and offer technical support in Estonia, Latvia, and Lithuania.    <\/span><\/p>\n<p><span style=\"font-size: 12pt;\">The key characteristics of the products we offer are:<\/span><\/p>\n<ul>\n<li><span style=\"font-size: 12pt;\">High quality<\/span><\/li>\n<li><span style=\"font-size: 12pt;\">Excellent technical properties,<\/span><\/li>\n<li><span style=\"font-size: 12pt;\">Sustainability,<\/span><\/li>\n<li><span style=\"font-size: 12pt;\">Safety for health,<\/span><\/li>\n<li><span style=\"font-size: 12pt;\">Reliable delivery, and reasonable pricing.<\/span><\/li>\n<\/ul>\n\t\t\t\t\t\t\t\t<\/div>\n\t\t\t\t<\/div>\n\t\t\t\t\t<\/div>\n\t\t\t\t<\/div>\n\t\t<div class=\"elementor-element elementor-element-e011893 e-grid e-con-boxed e-con e-parent\" data-id=\"e011893\" data-element_type=\"container\" data-e-type=\"container\">\n\t\t\t\t\t<div class=\"e-con-inner\">\n\t\t\t\t<div class=\"elementor-element elementor-element-4a57d68b elementor-position-top elementor-widget elementor-widget-image-box\" data-id=\"4a57d68b\" data-element_type=\"widget\" data-e-type=\"widget\" data-widget_type=\"image-box.default\">\n\t\t\t\t<div class=\"elementor-widget-container\">\n\t\t\t\t\t<div class=\"elementor-image-box-wrapper\"><figure class=\"elementor-image-box-img\"><a href=\"https:\/\/ruumala.com\/en\/tooted\/sealing-products\/information\/\" tabindex=\"-1\"><img decoding=\"async\" src=\"https:\/\/ruumala.com\/wp-content\/uploads\/elementor\/thumbs\/iso3-window_sealing_system-qoks558pcnffawik4bx327ex6e4xtzfn1gwnwlpvaw.jpg\" title=\"iso3-window_sealing_system\" alt=\"Akende paigaldus, aurut\u00f5ke, soojustus, heliisolatsioon, passiivmaja\" loading=\"lazy\" \/><\/a><\/figure><div class=\"elementor-image-box-content\"><h3 class=\"elementor-image-box-title\"><a href=\"https:\/\/ruumala.com\/en\/tooted\/sealing-products\/information\/\">Sealing products<\/a><\/h3><\/div><\/div>\t\t\t\t<\/div>\n\t\t\t\t<\/div>\n\t\t\t\t<div class=\"elementor-element elementor-element-ec0b88c elementor-position-top elementor-widget elementor-widget-image-box\" data-id=\"ec0b88c\" data-element_type=\"widget\" data-e-type=\"widget\" data-widget_type=\"image-box.default\">\n\t\t\t\t<div class=\"elementor-widget-container\">\n\t\t\t\t\t<div class=\"elementor-image-box-wrapper\"><figure class=\"elementor-image-box-img\"><a href=\"https:\/\/ruumala.com\/en\/tooted\/installation-profiles\/\" tabindex=\"-1\"><img decoding=\"async\" src=\"https:\/\/ruumala.com\/wp-content\/uploads\/elementor\/thumbs\/Paigaldusprofiilid-qoksmyamtnsz8yne510napnab6d9nk4ktltt7bbdfc.png\" title=\"Paigaldusprofiilid\" alt=\"Paigaldusprofiilid\" loading=\"lazy\" \/><\/a><\/figure><div class=\"elementor-image-box-content\"><h3 class=\"elementor-image-box-title\"><a href=\"https:\/\/ruumala.com\/en\/tooted\/installation-profiles\/\">Installation profiles<\/a><\/h3><\/div><\/div>\t\t\t\t<\/div>\n\t\t\t\t<\/div>\n\t\t\t\t<div class=\"elementor-element elementor-element-fd85cbc elementor-position-top elementor-widget elementor-widget-image-box\" data-id=\"fd85cbc\" data-element_type=\"widget\" data-e-type=\"widget\" data-widget_type=\"image-box.default\">\n\t\t\t\t<div class=\"elementor-widget-container\">\n\t\t\t\t\t<div class=\"elementor-image-box-wrapper\"><figure class=\"elementor-image-box-img\"><a href=\"https:\/\/ruumala.com\/en\/tooted\/metal-anchor\/\" tabindex=\"-1\"><img decoding=\"async\" src=\"https:\/\/ruumala.com\/wp-content\/uploads\/elementor\/thumbs\/Metallist-ankrud-qoksmxcsmtroxcoraim0q7vtpshwfv0uhh6bq1crlk.png\" title=\"Metallist ankrud\" alt=\"akende paigaldus, paigaldusankur, paigaldusraam, aknapaigaldusraam, aknapaigalduss\u00fcsteem, aknapaigaldusprofiil, aknapaigaldus, montaa\u017eis\u00fcsteem, alustugi, paigaldusdetail, kandur, fassaadinurgik, montaa\u017eiankur, montaa\u017eiplaat, metallist ankur, metallist konsool, paigalduskonsool, paigaldussiin, paigaldusankur, kinnituslahendus, Knelsen\" loading=\"lazy\" \/><\/a><\/figure><div class=\"elementor-image-box-content\"><h3 class=\"elementor-image-box-title\"><a href=\"https:\/\/ruumala.com\/en\/tooted\/metal-anchor\/\">Metal anchors<\/a><\/h3><\/div><\/div>\t\t\t\t<\/div>\n\t\t\t\t<\/div>\n\t\t\t\t<div class=\"elementor-element elementor-element-abb2f95 elementor-position-top elementor-widget elementor-widget-image-box\" data-id=\"abb2f95\" data-element_type=\"widget\" data-e-type=\"widget\" data-widget_type=\"image-box.default\">\n\t\t\t\t<div class=\"elementor-widget-container\">\n\t\t\t\t\t<div class=\"elementor-image-box-wrapper\"><figure class=\"elementor-image-box-img\"><a href=\"https:\/\/ruumala.com\/en\/tooted\/insulation-products\/\" tabindex=\"-1\"><img decoding=\"async\" src=\"https:\/\/ruumala.com\/wp-content\/uploads\/elementor\/thumbs\/PURPIR5-qoks5vk6o0fgbzgbunan00rtt6j7tic4h369ccmugo.jpg\" title=\"PURPIR5\" alt=\"Pol\u00fcuretaan, Soojustus, Soojustusplaat, isolatsiooniplaat, PUR\/PIR, vaakumpaneel, soojusjuhtivus, soojusjuhtivustegur,\" loading=\"lazy\" \/><\/a><\/figure><div class=\"elementor-image-box-content\"><h3 class=\"elementor-image-box-title\"><a href=\"https:\/\/ruumala.com\/en\/tooted\/insulation-products\/\">Insulation products<\/a><\/h3><\/div><\/div>\t\t\t\t<\/div>\n\t\t\t\t<\/div>\n\t\t\t\t<div class=\"elementor-element elementor-element-a1fdb41 elementor-position-top elementor-widget elementor-widget-image-box\" data-id=\"a1fdb41\" data-element_type=\"widget\" data-e-type=\"widget\" data-widget_type=\"image-box.default\">\n\t\t\t\t<div class=\"elementor-widget-container\">\n\t\t\t\t\t<div class=\"elementor-image-box-wrapper\"><figure class=\"elementor-image-box-img\"><a href=\"https:\/\/ruumala.com\/en\/tooted\/fastening-system-for-ventilated-facades\/\" tabindex=\"-1\"><img decoding=\"async\" src=\"https:\/\/ruumala.com\/wp-content\/uploads\/elementor\/thumbs\/IMG_0019-vaike-qoksiq0s2i0j04sku7732s2m2r7t0lc28o55ghl5fc.png\" title=\"IMG_0019 v\u00e4ike\" alt=\"IMG_0019 v\u00e4ike\" loading=\"lazy\" \/><\/a><\/figure><div class=\"elementor-image-box-content\"><h3 class=\"elementor-image-box-title\"><a href=\"https:\/\/ruumala.com\/en\/tooted\/fastening-system-for-ventilated-facades\/\">Fastening systems<\/a><\/h3><\/div><\/div>\t\t\t\t<\/div>\n\t\t\t\t<\/div>\n\t\t\t\t<div class=\"elementor-element elementor-element-2a557d5 elementor-position-top elementor-widget elementor-widget-image-box\" data-id=\"2a557d5\" data-element_type=\"widget\" data-e-type=\"widget\" data-widget_type=\"image-box.default\">\n\t\t\t\t<div class=\"elementor-widget-container\">\n\t\t\t\t\t<div class=\"elementor-image-box-wrapper\"><figure class=\"elementor-image-box-img\"><a href=\"https:\/\/ruumala.com\/en\/tooted\/decking-and-facade\/\" tabindex=\"-1\"><img decoding=\"async\" src=\"https:\/\/ruumala.com\/wp-content\/uploads\/elementor\/thumbs\/Terrassilaudis-qoksmz8h0hu9kkm0zjf9v7eqwk8mv98b5qhaol9z94.png\" title=\"Terrassilaudis\" alt=\"Terrassilaudis\" loading=\"lazy\" \/><\/a><\/figure><div class=\"elementor-image-box-content\"><h3 class=\"elementor-image-box-title\"><a href=\"https:\/\/ruumala.com\/en\/tooted\/decking-and-facade\/\">Decking and fa\u00e7ade<\/a><\/h3><\/div><\/div>\t\t\t\t<\/div>\n\t\t\t\t<\/div>\n\t\t\t\t<div class=\"elementor-element elementor-element-c9cba8b elementor-position-top elementor-widget elementor-widget-image-box\" data-id=\"c9cba8b\" data-element_type=\"widget\" data-e-type=\"widget\" data-widget_type=\"image-box.default\">\n\t\t\t\t<div class=\"elementor-widget-container\">\n\t\t\t\t\t<div class=\"elementor-image-box-wrapper\"><figure class=\"elementor-image-box-img\"><a href=\"https:\/\/ruumala.com\/en\/tooted\/decking-products\/\" tabindex=\"-1\"><img decoding=\"async\" src=\"https:\/\/ruumala.com\/wp-content\/uploads\/elementor\/thumbs\/Terrassitooted-qoksn21zkzy4jehxj2n5kop4opuqicji64fr4f5sqg.png\" title=\"Terrassitooted\" alt=\"Terrassitooted\" loading=\"lazy\" \/><\/a><\/figure><div class=\"elementor-image-box-content\"><h3 class=\"elementor-image-box-title\"><a href=\"https:\/\/ruumala.com\/en\/tooted\/decking-products\/\">Decking products<\/a><\/h3><\/div><\/div>\t\t\t\t<\/div>\n\t\t\t\t<\/div>\n\t\t\t\t<div class=\"elementor-element elementor-element-d08121e elementor-position-top elementor-widget elementor-widget-image-box\" data-id=\"d08121e\" data-element_type=\"widget\" data-e-type=\"widget\" data-widget_type=\"image-box.default\">\n\t\t\t\t<div class=\"elementor-widget-container\">\n\t\t\t\t\t<div class=\"elementor-image-box-wrapper\"><figure class=\"elementor-image-box-img\"><a href=\"https:\/\/ruumala.com\/en\/tooted\/parapet-frame-profile\/\" tabindex=\"-1\"><img decoding=\"async\" src=\"https:\/\/ruumala.com\/wp-content\/uploads\/elementor\/thumbs\/Parapet-sample-KL-e1611834699316-qoksjl1gc16zn9jit2lrv28togyx2lr7cxo6amb5q0.png\" title=\"Parapet sample KL\" alt=\"Parapet sample KL\" loading=\"lazy\" \/><\/a><\/figure><div class=\"elementor-image-box-content\"><h3 class=\"elementor-image-box-title\"><a href=\"https:\/\/ruumala.com\/en\/tooted\/parapet-frame-profile\/\">Parapet frame profiles<\/a><\/h3><\/div><\/div>\t\t\t\t<\/div>\n\t\t\t\t<\/div>\n\t\t\t\t<div class=\"elementor-element elementor-element-e43ec53 elementor-position-top elementor-widget elementor-widget-image-box\" data-id=\"e43ec53\" data-element_type=\"widget\" data-e-type=\"widget\" data-widget_type=\"image-box.default\">\n\t\t\t\t<div class=\"elementor-widget-container\">\n\t\t\t\t\t<div class=\"elementor-image-box-wrapper\"><figure class=\"elementor-image-box-img\"><a href=\"https:\/\/ruumala.com\/en\/tooted\/products-bended-profiles-round-window-arch-window\/information-2\/\" tabindex=\"-1\"><img decoding=\"async\" src=\"https:\/\/ruumala.com\/wp-content\/uploads\/elementor\/thumbs\/Pivot-hung-swing-window-qoks8eqj2xw9m5rw28pg7vrjfk1tk5e35mgcw6vnp4.jpg\" title=\"Pivot-hung swing window\" alt=\"Pivot-hung swing window\" loading=\"lazy\" \/><\/a><\/figure><div class=\"elementor-image-box-content\"><h3 class=\"elementor-image-box-title\"><a href=\"https:\/\/ruumala.com\/en\/tooted\/products-bended-profiles-round-window-arch-window\/information-2\/\">Products from bended profiles<\/a><\/h3><\/div><\/div>\t\t\t\t<\/div>\n\t\t\t\t<\/div>\n\t\t\t\t\t<\/div>\n\t\t\t\t<\/div>\n\t\t\t\t<\/div>\n\t\t","protected":false},"excerpt":{"rendered":"<p>Ruumala O\u00dc primarily operates in the construction sector. We supply modern products used for the manufacturing and installation of windows, doors, and facades. Additionally, we provide products made from Resysta material. Some of our products are also utilized outside the construction industry. We supply materials and offer technical support in Estonia, Latvia, and Lithuania. The [&hellip;]<\/p>\n","protected":false},"author":2,"featured_media":0,"parent":0,"menu_order":1,"comment_status":"closed","ping_status":"closed","template":"","meta":{"footnotes":""},"class_list":["post-19486","page","type-page","status-publish","hentry"],"_links":{"self":[{"href":"https:\/\/ruumala.com\/en\/wp-json\/wp\/v2\/pages\/19486","targetHints":{"allow":["GET"]}}],"collection":[{"href":"https:\/\/ruumala.com\/en\/wp-json\/wp\/v2\/pages"}],"about":[{"href":"https:\/\/ruumala.com\/en\/wp-json\/wp\/v2\/types\/page"}],"author":[{"embeddable":true,"href":"https:\/\/ruumala.com\/en\/wp-json\/wp\/v2\/users\/2"}],"replies":[{"embeddable":true,"href":"https:\/\/ruumala.com\/en\/wp-json\/wp\/v2\/comments?post=19486"}],"version-history":[{"count":7,"href":"https:\/\/ruumala.com\/en\/wp-json\/wp\/v2\/pages\/19486\/revisions"}],"predecessor-version":[{"id":26047,"href":"https:\/\/ruumala.com\/en\/wp-json\/wp\/v2\/pages\/19486\/revisions\/26047"}],"wp:attachment":[{"href":"https:\/\/ruumala.com\/en\/wp-json\/wp\/v2\/media?parent=19486"}],"curies":[{"name":"wp","href":"https:\/\/api.w.org\/{rel}","templated":true}]}}