{"id":26362,"date":"2015-05-11T15:54:46","date_gmt":"2015-05-11T15:54:46","guid":{"rendered":"https:\/\/ruumala.com\/kontaktai\/"},"modified":"2025-02-14T08:34:21","modified_gmt":"2025-02-14T08:34:21","slug":"kontaktai","status":"publish","type":"page","link":"https:\/\/ruumala.com\/lt\/kontaktai\/","title":{"rendered":"Kontaktai"},"content":{"rendered":"\t\t<div data-elementor-type=\"wp-page\" data-elementor-id=\"26362\" class=\"elementor elementor-26362 elementor-6024\" data-elementor-post-type=\"page\">\n\t\t\t\t<div class=\"elementor-element elementor-element-39d8578c e-flex e-con-boxed e-con e-parent\" data-id=\"39d8578c\" data-element_type=\"container\" data-e-type=\"container\">\n\t\t\t\t\t<div class=\"e-con-inner\">\n\t\t\t\t<div class=\"elementor-element elementor-element-625a531d elementor-widget elementor-widget-text-editor\" data-id=\"625a531d\" data-element_type=\"widget\" data-e-type=\"widget\" data-widget_type=\"text-editor.default\">\n\t\t\t\t<div class=\"elementor-widget-container\">\n\t\t\t\t\t\t\t\t\t<p>Reg numeris: 12229535<\/p>\n<p>Bendras telefonas: +372 5179107<br \/>El. pa\u0161tas: <img decoding=\"async\" class=\"size-full wp-image-9729 alignnone\" src=\"https:\/\/ruumala.com\/wp-content\/uploads\/2019\/08\/Kont.jpg\" alt=\"\" width=\"175\" height=\"26\"><\/p>\n<p>Adresas: Kadaka tee 42a, EE-12915 Talinas<\/p>\n<h2>U\u017esakym\u0173 tvarkymas<\/h2>\n<p>Telefonas: +372 58868956<br \/>El. pa\u0161tas: <img decoding=\"async\" class=\"size-full wp-image-9729 alignnone\" src=\"https:\/\/ruumala.com\/wp-content\/uploads\/2019\/08\/Kont.jpg\" alt=\"\" width=\"175\" height=\"26\"><\/p>\n\t\t\t\t\t\t\t\t<\/div>\n\t\t\t\t<\/div>\n\t\t\t\t\t<\/div>\n\t\t\t\t<\/div>\n\t\t<div class=\"elementor-element elementor-element-31c34da e-flex e-con-boxed e-con e-parent\" data-id=\"31c34da\" data-element_type=\"container\" data-e-type=\"container\">\n\t\t\t\t\t<div class=\"e-con-inner\">\n\t\t\t\t\t<\/div>\n\t\t\t\t<\/div>\n\t\t\t\t<\/div>\n\t\t","protected":false},"excerpt":{"rendered":"<p>Reg numeris: 12229535 Bendras telefonas: +372 5179107El. pa\u0161tas: Adresas: Kadaka tee 42a, EE-12915 Talinas U\u017esakym\u0173 tvarkymas Telefonas: +372 58868956El. pa\u0161tas:<\/p>\n","protected":false},"author":2,"featured_media":0,"parent":0,"menu_order":12,"comment_status":"closed","ping_status":"open","template":"","meta":{"footnotes":""},"class_list":["post-26362","page","type-page","status-publish","hentry"],"_links":{"self":[{"href":"https:\/\/ruumala.com\/lt\/wp-json\/wp\/v2\/pages\/26362","targetHints":{"allow":["GET"]}}],"collection":[{"href":"https:\/\/ruumala.com\/lt\/wp-json\/wp\/v2\/pages"}],"about":[{"href":"https:\/\/ruumala.com\/lt\/wp-json\/wp\/v2\/types\/page"}],"author":[{"embeddable":true,"href":"https:\/\/ruumala.com\/lt\/wp-json\/wp\/v2\/users\/2"}],"replies":[{"embeddable":true,"href":"https:\/\/ruumala.com\/lt\/wp-json\/wp\/v2\/comments?post=26362"}],"version-history":[{"count":1,"href":"https:\/\/ruumala.com\/lt\/wp-json\/wp\/v2\/pages\/26362\/revisions"}],"predecessor-version":[{"id":26367,"href":"https:\/\/ruumala.com\/lt\/wp-json\/wp\/v2\/pages\/26362\/revisions\/26367"}],"wp:attachment":[{"href":"https:\/\/ruumala.com\/lt\/wp-json\/wp\/v2\/media?parent=26362"}],"curies":[{"name":"wp","href":"https:\/\/api.w.org\/{rel}","templated":true}]}}