{"id":10232,"date":"2015-05-11T15:54:46","date_gmt":"2015-05-11T15:54:46","guid":{"rendered":"https:\/\/www.ruumala.com\/?page_id=10232"},"modified":"2025-02-14T08:33:08","modified_gmt":"2025-02-14T08:33:08","slug":"kontakti","status":"publish","type":"page","link":"https:\/\/ruumala.com\/lv\/kontakti\/","title":{"rendered":"Kontakti"},"content":{"rendered":"\t\t<div data-elementor-type=\"wp-page\" data-elementor-id=\"10232\" class=\"elementor elementor-10232 elementor-6024\" data-elementor-post-type=\"page\">\n\t\t\t\t<div class=\"elementor-element elementor-element-39d8578c e-flex e-con-boxed e-con e-parent\" data-id=\"39d8578c\" data-element_type=\"container\" data-e-type=\"container\">\n\t\t\t\t\t<div class=\"e-con-inner\">\n\t\t\t\t<div class=\"elementor-element elementor-element-625a531d elementor-widget elementor-widget-text-editor\" data-id=\"625a531d\" data-element_type=\"widget\" data-e-type=\"widget\" data-widget_type=\"text-editor.default\">\n\t\t\t\t<div class=\"elementor-widget-container\">\n\t\t\t\t\t\t\t\t\t<p>Re\u0123istr\u0101cijas Nr: 12229535<\/p>\n<p>T\u0101lrunis: +372 5179107<br \/>e-pasts: <img decoding=\"async\" class=\"size-full wp-image-9729 alignnone\" src=\"https:\/\/ruumala.com\/wp-content\/uploads\/2019\/08\/Kont.jpg\" alt=\"\" width=\"175\" height=\"26\"><\/p>\n<p>Adrese: Kadaka tee 42a, EE-12915 Tallinn<\/p>\n<h2>Pas\u016bt\u012bjumu apstr\u0101de<\/h2>\n<p>T\u0101lrunis: +372 58868956<br \/>e-pasts: <img decoding=\"async\" class=\"size-full wp-image-9729 alignnone\" src=\"https:\/\/ruumala.com\/wp-content\/uploads\/2019\/08\/Kont.jpg\" alt=\"\" width=\"175\" height=\"26\"><\/p>\n\t\t\t\t\t\t\t\t<\/div>\n\t\t\t\t<\/div>\n\t\t\t\t\t<\/div>\n\t\t\t\t<\/div>\n\t\t<div class=\"elementor-element elementor-element-31c34da e-flex e-con-boxed e-con e-parent\" data-id=\"31c34da\" data-element_type=\"container\" data-e-type=\"container\">\n\t\t\t\t\t<div class=\"e-con-inner\">\n\t\t\t\t\t<\/div>\n\t\t\t\t<\/div>\n\t\t\t\t<\/div>\n\t\t","protected":false},"excerpt":{"rendered":"<p>Re\u0123istr\u0101cijas Nr: 12229535 T\u0101lrunis: +372 5179107e-pasts: Adrese: Kadaka tee 42a, EE-12915 Tallinn Pas\u016bt\u012bjumu apstr\u0101de T\u0101lrunis: +372 58868956e-pasts:<\/p>\n","protected":false},"author":2,"featured_media":0,"parent":0,"menu_order":12,"comment_status":"closed","ping_status":"open","template":"","meta":{"footnotes":""},"class_list":["post-10232","page","type-page","status-publish","hentry"],"_links":{"self":[{"href":"https:\/\/ruumala.com\/lv\/wp-json\/wp\/v2\/pages\/10232","targetHints":{"allow":["GET"]}}],"collection":[{"href":"https:\/\/ruumala.com\/lv\/wp-json\/wp\/v2\/pages"}],"about":[{"href":"https:\/\/ruumala.com\/lv\/wp-json\/wp\/v2\/types\/page"}],"author":[{"embeddable":true,"href":"https:\/\/ruumala.com\/lv\/wp-json\/wp\/v2\/users\/2"}],"replies":[{"embeddable":true,"href":"https:\/\/ruumala.com\/lv\/wp-json\/wp\/v2\/comments?post=10232"}],"version-history":[{"count":2,"href":"https:\/\/ruumala.com\/lv\/wp-json\/wp\/v2\/pages\/10232\/revisions"}],"predecessor-version":[{"id":26361,"href":"https:\/\/ruumala.com\/lv\/wp-json\/wp\/v2\/pages\/10232\/revisions\/26361"}],"wp:attachment":[{"href":"https:\/\/ruumala.com\/lv\/wp-json\/wp\/v2\/media?parent=10232"}],"curies":[{"name":"wp","href":"https:\/\/api.w.org\/{rel}","templated":true}]}}