{"id":14067,"date":"2014-12-29T09:14:27","date_gmt":"2014-12-29T09:14:27","guid":{"rendered":"http:\/\/www.ruumala.com\/?page_id=16"},"modified":"2025-02-11T13:42:09","modified_gmt":"2025-02-11T13:42:09","slug":"homepage-2","status":"publish","type":"page","link":"https:\/\/ruumala.com\/lv\/","title":{"rendered":"Koduleht"},"content":{"rendered":"\t\t<div data-elementor-type=\"wp-page\" data-elementor-id=\"14067\" class=\"elementor elementor-14067 elementor-14060\" data-elementor-post-type=\"page\">\n\t\t\t\t<div class=\"elementor-element elementor-element-17c30f44 e-flex e-con-boxed e-con e-parent\" data-id=\"17c30f44\" data-element_type=\"container\" data-e-type=\"container\">\n\t\t\t\t\t<div class=\"e-con-inner\">\n\t\t\t\t<div class=\"elementor-element elementor-element-4ca6641c elementor-widget elementor-widget-text-editor\" data-id=\"4ca6641c\" data-element_type=\"widget\" data-e-type=\"widget\" data-widget_type=\"text-editor.default\">\n\t\t\t\t<div class=\"elementor-widget-container\">\n\t\t\t\t\t\t\t\t\t<p style=\"text-align: justify;\"><span style=\"font-size: 12pt;\">Ruumala O\u00dc galvenok\u0101rt darbojas b\u016bvniec\u012bbas nozar\u0113. M\u0113s pieg\u0101d\u0101jam modernas preces, kuras izmanto logu, durvju un fas\u0101\u017eu ra\u017eo\u0161anai un uzst\u0101d\u012b\u0161anai. Papildus tam m\u0113s pieg\u0101d\u0101jam preces, kas izgatavotas no Resysta materi\u0101la. Da\u013ca no m\u016bsu produktiem tiek izmantota ar\u012b \u0101rpus b\u016bvniec\u012bbas nozares. M\u0113s pieg\u0101d\u0101jam materi\u0101lus un sniedzam tehnisko atbalstu Igaunij\u0101, Latvij\u0101 un Lietuv\u0101.    <\/span><\/p>\n<p><span style=\"font-size: 12pt;\">M\u016bsu pied\u0101v\u0101to produktu galven\u0101s \u012bpa\u0161\u012bbas ir:<\/span><\/p>\n<ul>\n<li><span style=\"font-size: 12pt;\">Augsta kvalit\u0101te,<\/span><\/li>\n<li><span style=\"font-size: 12pt;\">Izcilas tehnisk\u0101s \u012bpa\u0161\u012bbas,<\/span><\/li>\n<li><span style=\"font-size: 12pt;\">Ilgtsp\u0113ja<\/span><\/li>\n<li><span style=\"font-size: 12pt;\">Dro\u0161\u012bba vesel\u012bbai,<\/span><\/li>\n<li><span style=\"font-size: 12pt;\">Uzticama pieg\u0101de un sapr\u0101t\u012bga cena.<\/span><\/li>\n<\/ul>\n\t\t\t\t\t\t\t\t<\/div>\n\t\t\t\t<\/div>\n\t\t\t\t\t<\/div>\n\t\t\t\t<\/div>\n\t\t<div class=\"elementor-element elementor-element-e011893 e-grid e-con-boxed e-con e-parent\" data-id=\"e011893\" data-element_type=\"container\" data-e-type=\"container\">\n\t\t\t\t\t<div class=\"e-con-inner\">\n\t\t\t\t<div class=\"elementor-element elementor-element-4a57d68b elementor-position-top elementor-widget elementor-widget-image-box\" data-id=\"4a57d68b\" data-element_type=\"widget\" data-e-type=\"widget\" data-widget_type=\"image-box.default\">\n\t\t\t\t<div class=\"elementor-widget-container\">\n\t\t\t\t\t<div class=\"elementor-image-box-wrapper\"><figure class=\"elementor-image-box-img\"><a href=\"https:\/\/ruumala.com\/lv\/tooted\/blivesanas-produkti\/informacija\/\" tabindex=\"-1\"><img decoding=\"async\" src=\"https:\/\/ruumala.com\/wp-content\/uploads\/elementor\/thumbs\/iso3-window_sealing_system-qoks558pcnffawik4bx327ex6e4xtzfn1gwnwlpvaw.jpg\" title=\"iso3-window_sealing_system\" alt=\"Akende paigaldus, aurut\u00f5ke, soojustus, heliisolatsioon, passiivmaja\" loading=\"lazy\" \/><\/a><\/figure><div class=\"elementor-image-box-content\"><h3 class=\"elementor-image-box-title\"><a href=\"https:\/\/ruumala.com\/lv\/tooted\/blivesanas-produkti\/informacija\/\">Bl\u012bv\u0113\u0161anas produkti<\/a><\/h3><\/div><\/div>\t\t\t\t<\/div>\n\t\t\t\t<\/div>\n\t\t\t\t<div class=\"elementor-element elementor-element-ec0b88c elementor-position-top elementor-widget elementor-widget-image-box\" data-id=\"ec0b88c\" data-element_type=\"widget\" data-e-type=\"widget\" data-widget_type=\"image-box.default\">\n\t\t\t\t<div class=\"elementor-widget-container\">\n\t\t\t\t\t<div class=\"elementor-image-box-wrapper\"><figure class=\"elementor-image-box-img\"><a href=\"https:\/\/ruumala.com\/lv\/tooted\/instalacijas-profili\/\" tabindex=\"-1\"><img decoding=\"async\" src=\"https:\/\/ruumala.com\/wp-content\/uploads\/elementor\/thumbs\/Paigaldusprofiilid-qoksmyamtnsz8yne510napnab6d9nk4ktltt7bbdfc.png\" title=\"Paigaldusprofiilid\" alt=\"Paigaldusprofiilid\" loading=\"lazy\" \/><\/a><\/figure><div class=\"elementor-image-box-content\"><h3 class=\"elementor-image-box-title\"><a href=\"https:\/\/ruumala.com\/lv\/tooted\/instalacijas-profili\/\">Instal\u0101cijas profili<\/a><\/h3><\/div><\/div>\t\t\t\t<\/div>\n\t\t\t\t<\/div>\n\t\t\t\t<div class=\"elementor-element elementor-element-fd85cbc elementor-position-top elementor-widget elementor-widget-image-box\" data-id=\"fd85cbc\" data-element_type=\"widget\" data-e-type=\"widget\" data-widget_type=\"image-box.default\">\n\t\t\t\t<div class=\"elementor-widget-container\">\n\t\t\t\t\t<div class=\"elementor-image-box-wrapper\"><figure class=\"elementor-image-box-img\"><a href=\"https:\/\/ruumala.com\/lv\/tooted\/metala-enkuri\/\" tabindex=\"-1\"><img decoding=\"async\" src=\"https:\/\/ruumala.com\/wp-content\/uploads\/elementor\/thumbs\/Metallist-ankrud-qoksmxcsmtroxcoraim0q7vtpshwfv0uhh6bq1crlk.png\" title=\"Metallist ankrud\" alt=\"akende paigaldus, paigaldusankur, paigaldusraam, aknapaigaldusraam, aknapaigalduss\u00fcsteem, aknapaigaldusprofiil, aknapaigaldus, montaa\u017eis\u00fcsteem, alustugi, paigaldusdetail, kandur, fassaadinurgik, montaa\u017eiankur, montaa\u017eiplaat, metallist ankur, metallist konsool, paigalduskonsool, paigaldussiin, paigaldusankur, kinnituslahendus, Knelsen\" loading=\"lazy\" \/><\/a><\/figure><div class=\"elementor-image-box-content\"><h3 class=\"elementor-image-box-title\"><a href=\"https:\/\/ruumala.com\/lv\/tooted\/metala-enkuri\/\">Met\u0101la enkuri<\/a><\/h3><\/div><\/div>\t\t\t\t<\/div>\n\t\t\t\t<\/div>\n\t\t\t\t<div class=\"elementor-element elementor-element-abb2f95 elementor-position-top elementor-widget elementor-widget-image-box\" data-id=\"abb2f95\" data-element_type=\"widget\" data-e-type=\"widget\" data-widget_type=\"image-box.default\">\n\t\t\t\t<div class=\"elementor-widget-container\">\n\t\t\t\t\t<div class=\"elementor-image-box-wrapper\"><figure class=\"elementor-image-box-img\"><a href=\"https:\/\/ruumala.com\/lv\/tooted\/1840-2\/informacija\/\" tabindex=\"-1\"><img decoding=\"async\" src=\"https:\/\/ruumala.com\/wp-content\/uploads\/elementor\/thumbs\/PURPIR5-qoks5vk6o0fgbzgbunan00rtt6j7tic4h369ccmugo.jpg\" title=\"PURPIR5\" alt=\"Pol\u00fcuretaan, Soojustus, Soojustusplaat, isolatsiooniplaat, PUR\/PIR, vaakumpaneel, soojusjuhtivus, soojusjuhtivustegur,\" loading=\"lazy\" \/><\/a><\/figure><div class=\"elementor-image-box-content\"><h3 class=\"elementor-image-box-title\"><a href=\"https:\/\/ruumala.com\/lv\/tooted\/1840-2\/informacija\/\">Siltin\u0101\u0161anas produkti<\/a><\/h3><\/div><\/div>\t\t\t\t<\/div>\n\t\t\t\t<\/div>\n\t\t\t\t<div class=\"elementor-element elementor-element-a1fdb41 elementor-position-top elementor-widget elementor-widget-image-box\" data-id=\"a1fdb41\" data-element_type=\"widget\" data-e-type=\"widget\" data-widget_type=\"image-box.default\">\n\t\t\t\t<div class=\"elementor-widget-container\">\n\t\t\t\t\t<div class=\"elementor-image-box-wrapper\"><figure class=\"elementor-image-box-img\"><a href=\"https:\/\/ruumala.com\/lv\/tooted\/stiprinajumu-sistemas\/\" tabindex=\"-1\"><img decoding=\"async\" src=\"https:\/\/ruumala.com\/wp-content\/uploads\/elementor\/thumbs\/IMG_0019-vaike-qoksiq0s2i0j04sku7732s2m2r7t0lc28o55ghl5fc.png\" title=\"IMG_0019 v\u00e4ike\" alt=\"IMG_0019 v\u00e4ike\" loading=\"lazy\" \/><\/a><\/figure><div class=\"elementor-image-box-content\"><h3 class=\"elementor-image-box-title\"><a href=\"https:\/\/ruumala.com\/lv\/tooted\/stiprinajumu-sistemas\/\">Stiprin\u0101jumu sist\u0113mas<\/a><\/h3><\/div><\/div>\t\t\t\t<\/div>\n\t\t\t\t<\/div>\n\t\t\t\t<div class=\"elementor-element elementor-element-2a557d5 elementor-position-top elementor-widget elementor-widget-image-box\" data-id=\"2a557d5\" data-element_type=\"widget\" data-e-type=\"widget\" data-widget_type=\"image-box.default\">\n\t\t\t\t<div class=\"elementor-widget-container\">\n\t\t\t\t\t<div class=\"elementor-image-box-wrapper\"><figure class=\"elementor-image-box-img\"><a href=\"https:\/\/ruumala.com\/lv\/tooted\/terase-un-zogs\/\" tabindex=\"-1\"><img decoding=\"async\" src=\"https:\/\/ruumala.com\/wp-content\/uploads\/elementor\/thumbs\/Terrassilaudis-qoksmz8h0hu9kkm0zjf9v7eqwk8mv98b5qhaol9z94.png\" title=\"Terrassilaudis\" alt=\"Terrassilaudis\" loading=\"lazy\" \/><\/a><\/figure><div class=\"elementor-image-box-content\"><h3 class=\"elementor-image-box-title\"><a href=\"https:\/\/ruumala.com\/lv\/tooted\/terase-un-zogs\/\">Terase un \u017eogs<\/a><\/h3><\/div><\/div>\t\t\t\t<\/div>\n\t\t\t\t<\/div>\n\t\t\t\t<div class=\"elementor-element elementor-element-c9cba8b elementor-position-top elementor-widget elementor-widget-image-box\" data-id=\"c9cba8b\" data-element_type=\"widget\" data-e-type=\"widget\" data-widget_type=\"image-box.default\">\n\t\t\t\t<div class=\"elementor-widget-container\">\n\t\t\t\t\t<div class=\"elementor-image-box-wrapper\"><figure class=\"elementor-image-box-img\"><a href=\"https:\/\/ruumala.com\/lv\/tooted\/terases-izstradajumi\/\" tabindex=\"-1\"><img decoding=\"async\" src=\"https:\/\/ruumala.com\/wp-content\/uploads\/elementor\/thumbs\/Terrassitooted-qoksn21zkzy4jehxj2n5kop4opuqicji64fr4f5sqg.png\" title=\"Terrassitooted\" alt=\"Terrassitooted\" loading=\"lazy\" \/><\/a><\/figure><div class=\"elementor-image-box-content\"><h3 class=\"elementor-image-box-title\"><a href=\"https:\/\/ruumala.com\/lv\/tooted\/terases-izstradajumi\/\">Terases izstr\u0101d\u0101jumi<\/a><\/h3><\/div><\/div>\t\t\t\t<\/div>\n\t\t\t\t<\/div>\n\t\t\t\t<div class=\"elementor-element elementor-element-d08121e elementor-position-top elementor-widget elementor-widget-image-box\" data-id=\"d08121e\" data-element_type=\"widget\" data-e-type=\"widget\" data-widget_type=\"image-box.default\">\n\t\t\t\t<div class=\"elementor-widget-container\">\n\t\t\t\t\t<div class=\"elementor-image-box-wrapper\"><figure class=\"elementor-image-box-img\"><a href=\"https:\/\/ruumala.com\/lv\/tooted\/parapeta-ramja-profili\/\" tabindex=\"-1\"><img decoding=\"async\" src=\"https:\/\/ruumala.com\/wp-content\/uploads\/elementor\/thumbs\/Parapet-sample-KL-e1611834699316-qoksjl1gc16zn9jit2lrv28togyx2lr7cxo6amb5q0.png\" title=\"Parapet sample KL\" alt=\"Parapet sample KL\" loading=\"lazy\" \/><\/a><\/figure><div class=\"elementor-image-box-content\"><h3 class=\"elementor-image-box-title\"><a href=\"https:\/\/ruumala.com\/lv\/tooted\/parapeta-ramja-profili\/\">Parapeta r\u0101mja profili<\/a><\/h3><\/div><\/div>\t\t\t\t<\/div>\n\t\t\t\t<\/div>\n\t\t\t\t<div class=\"elementor-element elementor-element-e43ec53 elementor-position-top elementor-widget elementor-widget-image-box\" data-id=\"e43ec53\" data-element_type=\"widget\" data-e-type=\"widget\" data-widget_type=\"image-box.default\">\n\t\t\t\t<div class=\"elementor-widget-container\">\n\t\t\t\t\t<div class=\"elementor-image-box-wrapper\"><figure class=\"elementor-image-box-img\"><a href=\"https:\/\/ruumala.com\/lv\/tooted\/produkcija-no-liektiem-profiliem\/informacija-4\/\" tabindex=\"-1\"><img decoding=\"async\" src=\"https:\/\/ruumala.com\/wp-content\/uploads\/elementor\/thumbs\/Pivot-hung-swing-window-qoks8eqj2xw9m5rw28pg7vrjfk1tk5e35mgcw6vnp4.jpg\" title=\"Pivot-hung swing window\" alt=\"Pivot-hung swing window\" loading=\"lazy\" \/><\/a><\/figure><div class=\"elementor-image-box-content\"><h3 class=\"elementor-image-box-title\"><a href=\"https:\/\/ruumala.com\/lv\/tooted\/produkcija-no-liektiem-profiliem\/informacija-4\/\">Produkcija no liektiem profiliem<\/a><\/h3><\/div><\/div>\t\t\t\t<\/div>\n\t\t\t\t<\/div>\n\t\t\t\t\t<\/div>\n\t\t\t\t<\/div>\n\t\t\t\t<\/div>\n\t\t","protected":false},"excerpt":{"rendered":"<p>Ruumala O\u00dc galvenok\u0101rt darbojas b\u016bvniec\u012bbas nozar\u0113. M\u0113s pieg\u0101d\u0101jam modernas preces, kuras izmanto logu, durvju un fas\u0101\u017eu ra\u017eo\u0161anai un uzst\u0101d\u012b\u0161anai. Papildus tam m\u0113s pieg\u0101d\u0101jam preces, kas izgatavotas no Resysta materi\u0101la. Da\u013ca no m\u016bsu produktiem tiek izmantota ar\u012b \u0101rpus b\u016bvniec\u012bbas nozares. M\u0113s pieg\u0101d\u0101jam materi\u0101lus un sniedzam tehnisko atbalstu Igaunij\u0101, Latvij\u0101 un Lietuv\u0101. M\u016bsu pied\u0101v\u0101to produktu galven\u0101s \u012bpa\u0161\u012bbas [&hellip;]<\/p>\n","protected":false},"author":2,"featured_media":0,"parent":0,"menu_order":1,"comment_status":"closed","ping_status":"closed","template":"","meta":{"footnotes":""},"class_list":["post-14067","page","type-page","status-publish","hentry"],"_links":{"self":[{"href":"https:\/\/ruumala.com\/lv\/wp-json\/wp\/v2\/pages\/14067","targetHints":{"allow":["GET"]}}],"collection":[{"href":"https:\/\/ruumala.com\/lv\/wp-json\/wp\/v2\/pages"}],"about":[{"href":"https:\/\/ruumala.com\/lv\/wp-json\/wp\/v2\/types\/page"}],"author":[{"embeddable":true,"href":"https:\/\/ruumala.com\/lv\/wp-json\/wp\/v2\/users\/2"}],"replies":[{"embeddable":true,"href":"https:\/\/ruumala.com\/lv\/wp-json\/wp\/v2\/comments?post=14067"}],"version-history":[{"count":12,"href":"https:\/\/ruumala.com\/lv\/wp-json\/wp\/v2\/pages\/14067\/revisions"}],"predecessor-version":[{"id":26066,"href":"https:\/\/ruumala.com\/lv\/wp-json\/wp\/v2\/pages\/14067\/revisions\/26066"}],"wp:attachment":[{"href":"https:\/\/ruumala.com\/lv\/wp-json\/wp\/v2\/media?parent=14067"}],"curies":[{"name":"wp","href":"https:\/\/api.w.org\/{rel}","templated":true}]}}